{"id":1423,"date":"2023-11-24T18:39:03","date_gmt":"2023-11-24T18:39:03","guid":{"rendered":"https:\/\/lidercalcados.com.br\/?page_id=1423"},"modified":"2025-12-19T18:37:06","modified_gmt":"2025-12-19T18:37:06","slug":"sobre-nos","status":"publish","type":"page","link":"https:\/\/startus.ca\/en\/sobre-nos\/","title":{"rendered":"Sobre n\u00f3s"},"content":{"rendered":"<div data-elementor-type=\"wp-page\" data-elementor-id=\"1423\" class=\"elementor elementor-1423\" data-elementor-post-type=\"page\">\n\t\t\t\t<div class=\"elementor-element elementor-element-4d0d9f4 e-flex e-con-boxed e-con e-parent\" data-id=\"4d0d9f4\" data-element_type=\"container\">\n\t\t\t\t\t<div class=\"e-con-inner\">\n\t\t\t\t<div class=\"elementor-element elementor-element-4ab6115 elementor-widget elementor-widget-heading\" data-id=\"4ab6115\" data-element_type=\"widget\" data-widget_type=\"heading.default\">\n\t\t\t\t<div class=\"elementor-widget-container\">\n\t\t\t\t\t<h2 class=\"elementor-heading-title elementor-size-default\"><b>Quem sou<\/b> eu<\/h2>\t\t\t\t<\/div>\n\t\t\t\t<\/div>\n\t\t\t\t<div class=\"elementor-element elementor-element-f93812e elementor-widget elementor-widget-heading\" data-id=\"f93812e\" data-element_type=\"widget\" data-widget_type=\"heading.default\">\n\t\t\t\t<div class=\"elementor-widget-container\">\n\t\t\t\t\t<p class=\"elementor-heading-title elementor-size-default\">My name is Andr\u00e9 Santos. I am a dedicated professional specializing in networking and technical support. With over 15 years of experience, I have a mission: to seek lasting success by uniting business and technology.<\/p>\t\t\t\t<\/div>\n\t\t\t\t<\/div>\n\t\t\t\t\t<\/div>\n\t\t\t\t<\/div>\n\t\t\t\t<\/div>","protected":false},"excerpt":{"rendered":"<p>Quem sou eu Meu nome \u00e9 Andr\u00e9 Santos. Sou um profissional dedicado, especializado em networking e suporte t\u00e9cnico. Com mais de 15 anos de experi\u00eancia, tenho uma miss\u00e3o: buscar o sucesso duradouro unindo neg\u00f3cios e tecnologia.<\/p>","protected":false},"author":3,"featured_media":0,"parent":0,"menu_order":0,"comment_status":"closed","ping_status":"closed","template":"","meta":{"_kadence_starter_templates_imported_post":false,"_kad_post_transparent":"","_kad_post_title":"hide","_kad_post_layout":"fullwidth","_kad_post_sidebar_id":"","_kad_post_content_style":"unboxed","_kad_post_vertical_padding":"hide","_kad_post_feature":"hide","_kad_post_feature_position":"","_kad_post_header":false,"_kad_post_footer":false,"_kad_post_classname":"","_joinchat":[],"footnotes":""},"class_list":["post-1423","page","type-page","status-publish","hentry"],"_links":{"self":[{"href":"https:\/\/startus.ca\/en\/wp-json\/wp\/v2\/pages\/1423","targetHints":{"allow":["GET"]}}],"collection":[{"href":"https:\/\/startus.ca\/en\/wp-json\/wp\/v2\/pages"}],"about":[{"href":"https:\/\/startus.ca\/en\/wp-json\/wp\/v2\/types\/page"}],"author":[{"embeddable":true,"href":"https:\/\/startus.ca\/en\/wp-json\/wp\/v2\/users\/3"}],"replies":[{"embeddable":true,"href":"https:\/\/startus.ca\/en\/wp-json\/wp\/v2\/comments?post=1423"}],"version-history":[{"count":25,"href":"https:\/\/startus.ca\/en\/wp-json\/wp\/v2\/pages\/1423\/revisions"}],"predecessor-version":[{"id":2084,"href":"https:\/\/startus.ca\/en\/wp-json\/wp\/v2\/pages\/1423\/revisions\/2084"}],"wp:attachment":[{"href":"https:\/\/startus.ca\/en\/wp-json\/wp\/v2\/media?parent=1423"}],"curies":[{"name":"wp","href":"https:\/\/api.w.org\/{rel}","templated":true}]}}